{"id":3344,"date":"2023-05-05T12:37:01","date_gmt":"2023-05-05T10:37:01","guid":{"rendered":"https:\/\/www.planetolive.com\/?page_id=3344"},"modified":"2023-05-05T15:59:40","modified_gmt":"2023-05-05T13:59:40","slug":"cookie-policy","status":"publish","type":"page","link":"https:\/\/www.planetolive.com\/it_it\/cookie-policy\/","title":{"rendered":"Cookie Policy"},"content":{"rendered":"\t\t<div data-elementor-type=\"wp-page\" data-elementor-id=\"3344\" class=\"elementor elementor-3344\" data-elementor-post-type=\"page\">\n\t\t\t\t\t\t<section class=\"elementor-section elementor-top-section elementor-element elementor-element-a07c421 elementor-section-full_width elementor-section-height-min-height elementor-section-stretched elementor-section-height-default elementor-section-items-middle\" data-id=\"a07c421\" data-element_type=\"section\" data-settings=\"{&quot;stretch_section&quot;:&quot;section-stretched&quot;,&quot;background_background&quot;:&quot;classic&quot;}\">\n\t\t\t\t\t\t<div class=\"elementor-container elementor-column-gap-default\">\n\t\t\t\t\t<div class=\"elementor-column elementor-col-100 elementor-top-column elementor-element elementor-element-f1ee8fb\" data-id=\"f1ee8fb\" data-element_type=\"column\">\n\t\t\t<div class=\"elementor-widget-wrap elementor-element-populated\">\n\t\t\t\t\t\t<section class=\"elementor-section elementor-inner-section elementor-element elementor-element-dabb271 title elementor-section-boxed elementor-section-height-default elementor-section-height-default\" data-id=\"dabb271\" data-element_type=\"section\">\n\t\t\t\t\t\t<div class=\"elementor-container elementor-column-gap-default\">\n\t\t\t\t\t<div class=\"elementor-column elementor-col-100 elementor-inner-column elementor-element elementor-element-653c789\" data-id=\"653c789\" data-element_type=\"column\" data-settings=\"{&quot;background_background&quot;:&quot;classic&quot;}\">\n\t\t\t<div class=\"elementor-widget-wrap elementor-element-populated\">\n\t\t\t\t\t\t\t<\/div>\n\t\t<\/div>\n\t\t\t\t\t<\/div>\n\t\t<\/section>\n\t\t\t\t\t<\/div>\n\t\t<\/div>\n\t\t\t\t\t<\/div>\n\t\t<\/section>\n\t\t\t\t<section class=\"elementor-section elementor-top-section elementor-element elementor-element-374d7d3 elementor-section-boxed elementor-section-height-default elementor-section-height-default\" data-id=\"374d7d3\" data-element_type=\"section\">\n\t\t\t\t\t\t<div class=\"elementor-container elementor-column-gap-default\">\n\t\t\t\t\t<div class=\"elementor-column elementor-col-100 elementor-top-column elementor-element elementor-element-d018d3e\" data-id=\"d018d3e\" data-element_type=\"column\">\n\t\t\t<div class=\"elementor-widget-wrap elementor-element-populated\">\n\t\t\t\t\t\t<div class=\"elementor-element elementor-element-21ecc98 elementor-widget elementor-widget-text-editor\" data-id=\"21ecc98\" data-element_type=\"widget\" data-widget_type=\"text-editor.default\">\n\t\t\t\t<div class=\"elementor-widget-container\">\n\t\t\t\t\t\t\t<p><!-- wp:heading --><\/p>\n<p>Gentile Visitatore,<\/p>\n<p>Ai sensi e per gli effetti del Regolamento (UE) 2016\/679, relativo all\u2019impiego dei cookie, la informiamo, con riferimento al dominio di Costa d\u2019Oro S.p.A., raggiungibile sul servizio web della rete internet a partire dall\u2019indirizzo https:\/\/www.planetolive.com, in ordine a ci\u00f3 che segue.<\/p>\n<p>In Informatica, i cookie vengono classificati in cookie \u201ctecnici o di sessione\u201d, cookie \u201cpersistenti o di profilazione\u201d e cookie \u201cdi terze parti\u201d.<\/p>\n<p>I cookie \u2013 che possono essere presenti nei browser degli utenti in numero elevato e a volte con caratteristiche di ampia persistenza temporale, possono essere usati ad esempio, per l\u2019esecuzione di operazioni di autenticazione, il monitoraggio di sessioni, la memorizzazione di informazioni su specifiche configurazioni degli utenti che si connettono con il server che ospita il sito che intendono visualizzare, ecc. \u2013 sono stringhe di testo contenute in file di dimensioni ridotte che i siti visitati dall\u2019utente, o quelli di terzi con essi collegati, inviano al terminale che egli impiega per la connessione, ove vengono memorizzati, per essere poi, eventualmente, ritrasmessi, agli stessi siti, alla successiva visita del medesimo utente.<\/p>\n<p>Anche se generalmente vengono utilizzati per valutare l\u2019utilizzo di un sito Web, la sua efficienza e per semplificarne l\u2019uso e la navigazione, e non vengono associati a dati personali, i cookie possono essere altres\u00ec configurati per personalizzare l\u2019esperienza di consultazione di un sito Web, associandoli alle preferenze di un utente o a sue informazioni personali.<\/p>\n<p>Poich\u00e9 i cookie consentono di sfruttare alcune funzioni dei siti Web ti suggeriamo di non disattivarli. Se attivi il blocco, disattivi o non accetti i cookie, non potrai autenticarti sul sito di Costa d\u2019Oro S.p.A. ed alcune pagine Web potrebbero non essere visualizzate correttamente.<\/p>\n<p>Cookie tecnici o di sessione.<\/p>\n<p>I cookie di sessione, archiviati nella memoria temporanea ed eliminati alla chiusura del browser, impiegati esclusivamente per \u201ceffettuare la trasmissione di una comunicazione su una rete di comunicazione elettronica, o nella misura strettamente necessaria al fornitore di un servizio della societ\u00e0 dell\u2019informazione esplicitamente richiesto dall\u2019abbonato o dall\u2019utente a erogare tale servizio\u201d, consentono di utilizzare il sito Web in modo efficiente, tenendo traccia delle visualizzazione delle pagine che lo compongono in modo da non richiedere le informazioni gi\u00e0 acquisite e\/o rilasciate dal browser dell\u2019utente nel corso della stessa sessione di collegamento.<\/p>\n<p>Tali cookies possono essere ulteriormente suddivisi in cookies di navigazione o di sessione, che garantiscono la normale consultazione e fruizione del sito web (permettendo, ad esempio, di realizzare un acquisto o autenticarsi per accedere ad aree riservate); cookie analytics, assimilati ai cookie tecnici laddove utilizzati direttamente dal gestore del sito per raccogliere informazioni, in forma aggregata, sul numero degli utenti e su come questi visitano il sito stesso; cookie di funzionalit\u00e0, che permettono all\u2019utente la navigazione in funzione di una serie di criteri pre-selezionati (ad esempio, la lingua, i prodotti selezionati per l\u2019acquisto) al fine di migliorare il servizio reso allo stesso.<\/p>\n<p>Per l\u2019installazione dei cookies tecnici o di sessione non \u00e8 richiesto il preventivo consenso degli interessati, fermo restando, invece, l\u2019obbligo, per il Titolare del trattamento, di rilasciare, ai sensi del Regolamento (UE) 2016\/679, le presenti informazioni obbligatorie, che il gestore del sito, qualora utilizzi soltanto tali dispositivi, potr\u00e0 fornire con le modalit\u00e0 che ritiene pi\u00f9 idonee.<\/p>\n<p>I cookies tecnici o di sessione impiegati da Costa d\u2019Oro S.p.A., permettono, di evitare di reinserire le stesse informazioni pi\u00f9 volte durante la visita quali ad esempio nome utente e password, di analizzare l\u2019utilizzo dei servizi e dei contenuti forniti per ottimizzarne l\u2019esperienza di navigazione e i servizi offerti.<\/p>\n<p>Costa d\u2019Oro S.p.A. utilizza i seguenti cookie:<\/p>\n<p><!-- \/wp:paragraph --><\/p>\t\t\t\t\t\t<\/div>\n\t\t\t\t<\/div>\n\t\t\t\t<div class=\"elementor-element elementor-element-5795e02 elementor-widget elementor-widget-html\" data-id=\"5795e02\" data-element_type=\"widget\" data-widget_type=\"html.default\">\n\t\t\t\t<div class=\"elementor-widget-container\">\n\t\t\t<div class=\"cky-audit-table-element\"><\/div>\t\t<\/div>\n\t\t\t\t<\/div>\n\t\t\t\t<div class=\"elementor-element elementor-element-c62ff02 elementor-widget elementor-widget-text-editor\" data-id=\"c62ff02\" data-element_type=\"widget\" data-widget_type=\"text-editor.default\">\n\t\t\t\t<div class=\"elementor-widget-container\">\n\t\t\t\t\t\t\t<p><!-- wp:heading --><\/p>\n<p>Cookie Persistenti o di profilazione<\/p>\n<p>Diversamente, i cookie persistenti o di profilazione, sono volti a creare profili relativi all\u2019utente, vengono archiviati nell\u2019hard disk di quest\u2019ultimo e sono disponibili al riavvio del browser, memorizzano le preferenze degli utenti per le visite correnti e successive e possono essere usati per inviare messaggi pubblicitari in linea con le preferenze manifestate dall\u2019interessato, registrate durante le sessioni di connessione.<\/p>\n<p>Le norme comunitarie e quelle italiane di recepimento prevedono, per il caso di impiego da parte del titolare del sito di tali tipologie di cookie che l\u2019interessato sia adeguatamente informato sul loro uso e messo in condizione di esprimere o meno il proprio valido consenso informato.<\/p>\n<p>A tale tipologia di cookie deve intendersi riferita la disposizione di cui al citato art. 122 del Codice in materia di protezione dei dati personali che, espressamente dispone che \u201cl\u2019archiviazione delle informazioni nell\u2019apparecchio terminale di un contraente o di un utente o l\u2019accesso a informazioni gi\u00e0 archiviate sono consentiti unicamente a condizione che il contraente o l\u2019utente abbia espresso il proprio consenso dopo essere stato informato con le modalit\u00e0 semplificate di cui all\u2019articolo 13, comma 3\u201d.<\/p>\n<p>Cookie di terze parti per marketing\/retargeting<\/p>\n<p>I cookie di terze parti sono utilizzati da societ\u00e0 terze e permettono all\u2019utente di visualizzare banner pubblicitari su altri siti affiliati mostrando gli ultimi prodotti visualizzati sul sito https:\/\/www.planetolive.com.<\/p>\n<p>Inoltre, durante la navigazione sul sito https:\/\/www.planetolive.com questi cookie sono utilizzati per farti visualizzare prodotti che potrebbero interessarti e simili a quelli visti in precedenza.<\/p>\n<p>Costa d\u2019Oro S.p.A. non utilizza cookie di terze parti.<\/p>\n<p>Impostazione dei cookie<\/p>\n<p>Per impostazione predefinita, molti browser consentono automaticamente l\u2019utilizzo dei cookie, ma offrono anche la possibilit\u00e0 di controllare la maggior parte dei cookie, inclusa la possibilit\u00e0 di accettarli o meno e la procedura per eliminarli.<\/p>\n<p>Per ulteriori informazioni sul controllo dei cookie, consultare la sezione \u201cStrumenti\u201d (o simile) del browser. Puoi impostare il browser per ricevere un avviso prima di accettare un cookie, avendo la possibilit\u00e0 di decidere se riceverlo o meno. Puoi anche disattivare completamente i cookie.<\/p>\n<p>Come disabilitare i cookie?<\/p>\n<p>La maggior parte dei browser (Internet Explorer, Firefox, Chrome, ecc.) sono configurati per accettare i cookie. I cookie memorizzati sul disco fisso del tuo dispositivo possono comunque essere cancellati ed \u00e8 inoltre possibile disabilitare i cookie seguendo le indicazioni fornite dai principali browser, ai link seguenti:<\/p>\n<p>Chrome<\/p>\n<p><a href=\"https:\/\/support.google.com\/chrome\/answer\/95647?hl=it\">https:\/\/support.google.com\/chrome\/answer\/95647?hl=it<\/a><\/p>\n<p>Firefox<\/p>\n<p><a href=\"https:\/\/support.google.com\/chrome\/answer\/95647?hl=it\">http:\/\/support.mozilla.org\/it\/kb\/Eliminare%20i%20cookie<\/a><\/p>\n<p>Internet Explorer<\/p>\n<p><a href=\"https:\/\/support.google.com\/chrome\/answer\/95647?hl=it\">http:\/\/windows.microsoft.com\/it-it\/internet-explorer\/delete-manage-cookies#ie=ie-10<\/a><\/p>\n<p>Opera<\/p>\n<p><a href=\"http:\/\/www.opera.com\/help\/tutorials\/security\/privacy\/\">http:\/\/www.opera.com\/help\/tutorials\/security\/privacy\/<\/a><\/p>\n<p>Safari<\/p>\n<p><a href=\"http:\/\/support.apple.com\/kb\/ph11920\">http:\/\/support.apple.com\/kb\/ph11920<\/a><\/p>\n<p><!-- \/wp:paragraph --><\/p>\t\t\t\t\t\t<\/div>\n\t\t\t\t<\/div>\n\t\t\t\t\t<\/div>\n\t\t<\/div>\n\t\t\t\t\t<\/div>\n\t\t<\/section>\n\t\t\t\t<\/div>\n\t\t","protected":false},"excerpt":{"rendered":"<p>Gentile Visitatore, Ai sensi e per gli effetti del Regolamento (UE) 2016\/679, relativo all\u2019impiego dei cookie, la informiamo, con riferimento al dominio di Costa d\u2019Oro S.p.A., raggiungibile sul servizio web della rete internet a partire dall\u2019indirizzo https:\/\/www.planetolive.com, in ordine a ci\u00f3 che segue. In Informatica, i cookie vengono classificati in cookie \u201ctecnici o di sessione\u201d, [&hellip;]<\/p>\n","protected":false},"author":5,"featured_media":0,"parent":0,"menu_order":0,"comment_status":"closed","ping_status":"closed","template":"elementor_header_footer","meta":{"footnotes":""},"class_list":["post-3344","page","type-page","status-publish","hentry"],"acf":[],"yoast_head":"<!-- This site is optimized with the Yoast SEO plugin v23.8 - https:\/\/yoast.com\/wordpress\/plugins\/seo\/ -->\n<title>Cookie Policy - Planet O-live<\/title>\n<meta name=\"description\" content=\"Gentile Visitatore, Ai sensi e per gli effetti del Regolamento (UE) 2016\/679, relativo all\u2019impiego dei cookie, la informiamo, con riferimento al dominio\" \/>\n<meta name=\"robots\" content=\"index, follow, max-snippet:-1, max-image-preview:large, max-video-preview:-1\" \/>\n<link rel=\"canonical\" href=\"https:\/\/www.planetolive.com\/it_it\/cookie-policy\/\" \/>\n<meta property=\"og:locale\" content=\"it_IT\" \/>\n<meta property=\"og:type\" content=\"article\" \/>\n<meta property=\"og:title\" content=\"Cookie Policy - Planet O-live\" \/>\n<meta property=\"og:description\" content=\"Gentile Visitatore, Ai sensi e per gli effetti del Regolamento (UE) 2016\/679, relativo all\u2019impiego dei cookie, la informiamo, con riferimento al dominio\" \/>\n<meta property=\"og:url\" content=\"https:\/\/www.planetolive.com\/it_it\/cookie-policy\/\" \/>\n<meta property=\"og:site_name\" content=\"Planet O-live\" \/>\n<meta property=\"article:modified_time\" content=\"2023-05-05T13:59:40+00:00\" \/>\n<meta name=\"twitter:card\" content=\"summary_large_image\" \/>\n<meta name=\"twitter:label1\" content=\"Tempo di lettura stimato\" \/>\n\t<meta name=\"twitter:data1\" content=\"6 minuti\" \/>\n<script type=\"application\/ld+json\" class=\"yoast-schema-graph\">{\"@context\":\"https:\/\/schema.org\",\"@graph\":[{\"@type\":\"WebPage\",\"@id\":\"https:\/\/www.planetolive.com\/cookie-policy\/\",\"url\":\"https:\/\/www.planetolive.com\/cookie-policy\/\",\"name\":\"Cookie Policy - Planet O-live\",\"isPartOf\":{\"@id\":\"https:\/\/www.planetolive.com\/#website\"},\"datePublished\":\"2023-05-05T10:37:01+00:00\",\"dateModified\":\"2023-05-05T13:59:40+00:00\",\"description\":\"Gentile Visitatore, Ai sensi e per gli effetti del Regolamento (UE) 2016\/679, relativo all\u2019impiego dei cookie, la informiamo, con riferimento al dominio\",\"breadcrumb\":{\"@id\":\"https:\/\/www.planetolive.com\/cookie-policy\/#breadcrumb\"},\"inLanguage\":\"it-IT\",\"potentialAction\":[{\"@type\":\"ReadAction\",\"target\":[\"https:\/\/www.planetolive.com\/cookie-policy\/\"]}]},{\"@type\":\"BreadcrumbList\",\"@id\":\"https:\/\/www.planetolive.com\/cookie-policy\/#breadcrumb\",\"itemListElement\":[{\"@type\":\"ListItem\",\"position\":1,\"name\":\"Homepage\",\"item\":\"https:\/\/www.planetolive.com\/\"},{\"@type\":\"ListItem\",\"position\":2,\"name\":\"Cookie Policy\"}]},{\"@type\":\"WebSite\",\"@id\":\"https:\/\/www.planetolive.com\/#website\",\"url\":\"https:\/\/www.planetolive.com\/\",\"name\":\"Planet O-live\",\"description\":\"\",\"publisher\":{\"@id\":\"https:\/\/www.planetolive.com\/#organization\"},\"potentialAction\":[{\"@type\":\"SearchAction\",\"target\":{\"@type\":\"EntryPoint\",\"urlTemplate\":\"https:\/\/www.planetolive.com\/?s={search_term_string}\"},\"query-input\":{\"@type\":\"PropertyValueSpecification\",\"valueRequired\":true,\"valueName\":\"search_term_string\"}}],\"inLanguage\":\"it-IT\"},{\"@type\":\"Organization\",\"@id\":\"https:\/\/www.planetolive.com\/#organization\",\"name\":\"Planet O-live\",\"url\":\"https:\/\/www.planetolive.com\/\",\"logo\":{\"@type\":\"ImageObject\",\"inLanguage\":\"it-IT\",\"@id\":\"https:\/\/www.planetolive.com\/#\/schema\/logo\/image\/\",\"url\":\"https:\/\/www.planetolive.com\/wp-content\/uploads\/2023\/04\/cropped-PlanetO-logo-round-positive-e1683115728223.png\",\"contentUrl\":\"https:\/\/www.planetolive.com\/wp-content\/uploads\/2023\/04\/cropped-PlanetO-logo-round-positive-e1683115728223.png\",\"width\":119,\"height\":118,\"caption\":\"Planet O-live\"},\"image\":{\"@id\":\"https:\/\/www.planetolive.com\/#\/schema\/logo\/image\/\"}}]}<\/script>\n<!-- \/ Yoast SEO plugin. -->","yoast_head_json":{"title":"Cookie Policy - Planet O-live","description":"Gentile Visitatore, Ai sensi e per gli effetti del Regolamento (UE) 2016\/679, relativo all\u2019impiego dei cookie, la informiamo, con riferimento al dominio","robots":{"index":"index","follow":"follow","max-snippet":"max-snippet:-1","max-image-preview":"max-image-preview:large","max-video-preview":"max-video-preview:-1"},"canonical":"https:\/\/www.planetolive.com\/it_it\/cookie-policy\/","og_locale":"it_IT","og_type":"article","og_title":"Cookie Policy - Planet O-live","og_description":"Gentile Visitatore, Ai sensi e per gli effetti del Regolamento (UE) 2016\/679, relativo all\u2019impiego dei cookie, la informiamo, con riferimento al dominio","og_url":"https:\/\/www.planetolive.com\/it_it\/cookie-policy\/","og_site_name":"Planet O-live","article_modified_time":"2023-05-05T13:59:40+00:00","twitter_card":"summary_large_image","twitter_misc":{"Tempo di lettura stimato":"6 minuti"},"schema":{"@context":"https:\/\/schema.org","@graph":[{"@type":"WebPage","@id":"https:\/\/www.planetolive.com\/cookie-policy\/","url":"https:\/\/www.planetolive.com\/cookie-policy\/","name":"Cookie Policy - Planet O-live","isPartOf":{"@id":"https:\/\/www.planetolive.com\/#website"},"datePublished":"2023-05-05T10:37:01+00:00","dateModified":"2023-05-05T13:59:40+00:00","description":"Gentile Visitatore, Ai sensi e per gli effetti del Regolamento (UE) 2016\/679, relativo all\u2019impiego dei cookie, la informiamo, con riferimento al dominio","breadcrumb":{"@id":"https:\/\/www.planetolive.com\/cookie-policy\/#breadcrumb"},"inLanguage":"it-IT","potentialAction":[{"@type":"ReadAction","target":["https:\/\/www.planetolive.com\/cookie-policy\/"]}]},{"@type":"BreadcrumbList","@id":"https:\/\/www.planetolive.com\/cookie-policy\/#breadcrumb","itemListElement":[{"@type":"ListItem","position":1,"name":"Homepage","item":"https:\/\/www.planetolive.com\/"},{"@type":"ListItem","position":2,"name":"Cookie Policy"}]},{"@type":"WebSite","@id":"https:\/\/www.planetolive.com\/#website","url":"https:\/\/www.planetolive.com\/","name":"Planet O-live","description":"","publisher":{"@id":"https:\/\/www.planetolive.com\/#organization"},"potentialAction":[{"@type":"SearchAction","target":{"@type":"EntryPoint","urlTemplate":"https:\/\/www.planetolive.com\/?s={search_term_string}"},"query-input":{"@type":"PropertyValueSpecification","valueRequired":true,"valueName":"search_term_string"}}],"inLanguage":"it-IT"},{"@type":"Organization","@id":"https:\/\/www.planetolive.com\/#organization","name":"Planet O-live","url":"https:\/\/www.planetolive.com\/","logo":{"@type":"ImageObject","inLanguage":"it-IT","@id":"https:\/\/www.planetolive.com\/#\/schema\/logo\/image\/","url":"https:\/\/www.planetolive.com\/wp-content\/uploads\/2023\/04\/cropped-PlanetO-logo-round-positive-e1683115728223.png","contentUrl":"https:\/\/www.planetolive.com\/wp-content\/uploads\/2023\/04\/cropped-PlanetO-logo-round-positive-e1683115728223.png","width":119,"height":118,"caption":"Planet O-live"},"image":{"@id":"https:\/\/www.planetolive.com\/#\/schema\/logo\/image\/"}}]}},"_links":{"self":[{"href":"https:\/\/www.planetolive.com\/it_it\/wp-json\/wp\/v2\/pages\/3344"}],"collection":[{"href":"https:\/\/www.planetolive.com\/it_it\/wp-json\/wp\/v2\/pages"}],"about":[{"href":"https:\/\/www.planetolive.com\/it_it\/wp-json\/wp\/v2\/types\/page"}],"author":[{"embeddable":true,"href":"https:\/\/www.planetolive.com\/it_it\/wp-json\/wp\/v2\/users\/5"}],"replies":[{"embeddable":true,"href":"https:\/\/www.planetolive.com\/it_it\/wp-json\/wp\/v2\/comments?post=3344"}],"version-history":[{"count":10,"href":"https:\/\/www.planetolive.com\/it_it\/wp-json\/wp\/v2\/pages\/3344\/revisions"}],"predecessor-version":[{"id":3593,"href":"https:\/\/www.planetolive.com\/it_it\/wp-json\/wp\/v2\/pages\/3344\/revisions\/3593"}],"wp:attachment":[{"href":"https:\/\/www.planetolive.com\/it_it\/wp-json\/wp\/v2\/media?parent=3344"}],"curies":[{"name":"wp","href":"https:\/\/api.w.org\/{rel}","templated":true}]}}